{"id":99,"date":"2022-11-19T11:06:18","date_gmt":"2022-11-18T21:06:18","guid":{"rendered":"http:\/\/epa3vt.edu.ar\/?page_id=99"},"modified":"2022-11-20T00:46:35","modified_gmt":"2022-11-19T10:46:35","slug":"profesorado-de-teatro","status":"publish","type":"page","link":"https:\/\/epa3vt.edu.ar\/index.php\/profesorado-de-teatro\/","title":{"rendered":"<strong>Profesorado de Teatro.<\/strong>"},"content":{"rendered":"\n<p>T\u00edtulo: PROFESOR DE TEATRO<\/p>\n\n\n\n<p class=\"has-small-font-size\">Otorga Competencia Para El Ejercicio De La Docencia En Los Niveles Inicial, Primaria, Medio Y Superior, Modalidad Especial Y Centros Educativos, Organismos Musicales, Profesionales En Escuelas De Artes<\/p>\n\n\n\n<p><strong>1\u00b0 A\u00f1o\u00a0<\/strong><\/p>\n\n\n\n<p><strong>Formaci\u00f3n General:<\/strong><\/p>\n\n\n\n<p>Psicolog\u00eda Y Educaci\u00f3n<\/p>\n\n\n\n<p>Pedagog\u00eda (cuatrimestral)<\/p>\n\n\n\n<p>Did\u00e1ctica (cuatrimestral)<\/p>\n\n\n\n<p>Problem\u00e1tica De La Cultura Argentina Y Latinoamericana<\/p>\n\n\n\n<p>Movimiento Y Cuerpo I<\/p>\n\n\n\n<p><strong>Formaci\u00f3n especifica:<\/strong><\/p>\n\n\n\n<p>Taller De Actuaci\u00f3n I Teor\u00eda Teatral<\/p>\n\n\n\n<p>Teatro De Animaci\u00f3n<\/p>\n\n\n\n<p>Teatro Y Literatura Dram\u00e1tica I<\/p>\n\n\n\n<p><strong>Formaci\u00f3n de la pr\u00e1ctica profesional:<\/strong><\/p>\n\n\n\n<p>Practica Docente I<\/p>\n\n\n\n<p>Seminario: Juegos Teatrales<\/p>\n\n\n\n<p><strong>2\u00b0 A\u00f1o<\/strong><\/p>\n\n\n\n<p><strong>Formaci\u00f3n General:<\/strong><\/p>\n\n\n\n<p>Filosof\u00eda<\/p>\n\n\n\n<p>Movimiento Y Cuerpo II<\/p>\n\n\n\n<p>Lectura Y Escritura De Textos Acad\u00e9micos<\/p>\n\n\n\n<p>El Actor En El Medio Audiovisual<\/p>\n\n\n\n<p><strong>Formaci\u00f3n especifica:<\/strong><\/p>\n\n\n\n<p>Did\u00e1ctica Especifica I<\/p>\n\n\n\n<p>Taller De Actuaci\u00f3n II<\/p>\n\n\n\n<p>Metodolog\u00eda De La Actuaci\u00f3n I<\/p>\n\n\n\n<p>Est\u00e9tica Del Teatro De T\u00edteres Y Objetos<\/p>\n\n\n\n<p><strong>Formaci\u00f3n de la pr\u00e1ctica profesional:<\/strong><\/p>\n\n\n\n<p>Practica Docente II<\/p>\n\n\n\n<p>Seminario: El Cuerpo Y La Voz En El Actor<\/p>\n\n\n\n<p><strong>3\u00b0 A\u00f1o<\/strong><\/p>\n\n\n\n<p><strong>Formaci\u00f3n General:<\/strong><\/p>\n\n\n\n<p>Tecnolog\u00eda De La Informaci\u00f3n Y La Comunicaci\u00f3n<\/p>\n\n\n\n<p>Historia Social De La Educaci\u00f3n Y Pol\u00edtica Educativa Argentina<\/p>\n\n\n\n<p><strong>Formaci\u00f3n especifica:<\/strong><\/p>\n\n\n\n<p>Did\u00e1ctica Especifica II<\/p>\n\n\n\n<p>Taller De Actuaci\u00f3n III<\/p>\n\n\n\n<p>Metodolog\u00eda De La Actuaci\u00f3n II<\/p>\n\n\n\n<p>Taller De Cuerpo Esc\u00e9nico<\/p>\n\n\n\n<p>Teatro Y Literatura Dram\u00e1tica II<\/p>\n\n\n\n<p>Sujetos De La Educaci\u00f3n<\/p>\n\n\n\n<p><strong>Formaci\u00f3n de la pr\u00e1ctica profesional:<\/strong><\/p>\n\n\n\n<p>Practica Docente III<\/p>\n\n\n\n<p>Seminario.<\/p>\n\n\n\n<p><strong>4\u00b0 A\u00f1o<\/strong><\/p>\n\n\n\n<p><strong>Formaci\u00f3n General:<\/strong><\/p>\n\n\n\n<p>\u00c9tica, Trabajo Docente, Derechos Humanos Y Ciudadan\u00eda<\/p>\n\n\n\n<p>Est\u00e9ticas Contempor\u00e1neas<\/p>\n\n\n\n<p>Problem\u00e1ticas Socio-Culturales Contempor\u00e1neas<\/p>\n\n\n\n<p><strong>Formaci\u00f3n especifica:<\/strong><\/p>\n\n\n\n<p>Especializaci\u00f3n En Po\u00e9ticas Y T\u00e9cnicas Teatrales<\/p>\n\n\n\n<p>Proyecto De Investigaci\u00f3n Teatral<\/p>\n\n\n\n<p>Proyecto De Experimentaci\u00f3n En El Montaje Esc\u00e9nico<\/p>\n\n\n\n<p>Espacio De Definici\u00f3n Institucional II<\/p>\n\n\n\n<p><strong>Formaci\u00f3n de la pr\u00e1ctica profesional:<\/strong><\/p>\n\n\n\n<p>Practica Docente IV<\/p>\n","protected":false},"excerpt":{"rendered":"<p>T\u00edtulo: PROFESOR DE TEATRO Otorga Competencia Para El Ejercicio De La Docencia En Los Niveles Inicial, Primaria, Medio Y Superior, Modalidad Especial Y Centros Educativos, Organismos Musicales, Profesionales En Escuelas De Artes 1\u00b0 A\u00f1o\u00a0 Formaci\u00f3n General: Psicolog\u00eda Y Educaci\u00f3n Pedagog\u00eda (cuatrimestral) Did\u00e1ctica (cuatrimestral) Problem\u00e1tica De La Cultura Argentina Y Latinoamericana Movimiento Y Cuerpo I Formaci\u00f3n [&hellip;]<\/p>\n","protected":false},"author":1,"featured_media":0,"parent":0,"menu_order":0,"comment_status":"closed","ping_status":"closed","template":"","meta":{"om_disable_all_campaigns":false,"_monsterinsights_skip_tracking":false,"_monsterinsights_sitenote_active":false,"_monsterinsights_sitenote_note":"","_monsterinsights_sitenote_category":0,"footnotes":""},"categories":[],"tags":[],"class_list":["post-99","page","type-page","status-publish","hentry"],"_links":{"self":[{"href":"https:\/\/epa3vt.edu.ar\/index.php\/wp-json\/wp\/v2\/pages\/99","targetHints":{"allow":["GET"]}}],"collection":[{"href":"https:\/\/epa3vt.edu.ar\/index.php\/wp-json\/wp\/v2\/pages"}],"about":[{"href":"https:\/\/epa3vt.edu.ar\/index.php\/wp-json\/wp\/v2\/types\/page"}],"author":[{"embeddable":true,"href":"https:\/\/epa3vt.edu.ar\/index.php\/wp-json\/wp\/v2\/users\/1"}],"replies":[{"embeddable":true,"href":"https:\/\/epa3vt.edu.ar\/index.php\/wp-json\/wp\/v2\/comments?post=99"}],"version-history":[{"count":2,"href":"https:\/\/epa3vt.edu.ar\/index.php\/wp-json\/wp\/v2\/pages\/99\/revisions"}],"predecessor-version":[{"id":117,"href":"https:\/\/epa3vt.edu.ar\/index.php\/wp-json\/wp\/v2\/pages\/99\/revisions\/117"}],"wp:attachment":[{"href":"https:\/\/epa3vt.edu.ar\/index.php\/wp-json\/wp\/v2\/media?parent=99"}],"wp:term":[{"taxonomy":"category","embeddable":true,"href":"https:\/\/epa3vt.edu.ar\/index.php\/wp-json\/wp\/v2\/categories?post=99"},{"taxonomy":"post_tag","embeddable":true,"href":"https:\/\/epa3vt.edu.ar\/index.php\/wp-json\/wp\/v2\/tags?post=99"}],"curies":[{"name":"wp","href":"https:\/\/api.w.org\/{rel}","templated":true}]}}