{"id":29,"date":"2022-07-04T08:19:12","date_gmt":"2022-07-03T18:19:12","guid":{"rendered":"http:\/\/epa3vt.edu.ar\/?page_id=29"},"modified":"2025-09-11T00:49:12","modified_gmt":"2025-09-10T10:49:12","slug":"la-escuela","status":"publish","type":"page","link":"https:\/\/epa3vt.edu.ar\/index.php\/la-escuela\/","title":{"rendered":"LA ESCUELA"},"content":{"rendered":"\n<p>Dependiente tanto del Ministerio de Cultura como del Ministerio de Educaci\u00f3n de Santa Fe, la subsecretar\u00eda de educaci\u00f3n art\u00edstica tiene bajo su \u00f3rbita todas las escuelas de arte de la provincia de Santa Fe situadas en las ciudades de Reconquista, Rosario, Santa Fe y Venado Tuerto, como as\u00ed tambi\u00e9n, los campamentos culturales de Cayast\u00e1 y Villa Guillermina.<\/p>\n\n\n\n<p>Nuestro compromiso es ofrecer y garantizar a todos aquellos interesados en cualquiera de los lenguajes art\u00edsticos (artes visuales, artes audiovisuales, m\u00fasica, teatro y danza), la posibilidad de formarse, de manera gratuita, dentro de nuestras instituciones y en sus distintos niveles. Todas\u00a0nuestras carreras son oficiales y otorgan t\u00edtulos de validez nacional.<\/p>\n\n\n\n<p><strong>Nivel Superior:<\/strong><br>\u2022 Profesorado de Teatro&nbsp;<a href=\"https:\/\/www.santafecultura.gob.ar\/wp-content\/uploads\/sites\/81\/2024\/12\/Resolucion-750-2011-Profesorado-Teatro.pdf\">(Dise\u00f1o curricular)<\/a>&nbsp;<a href=\"https:\/\/www.santafecultura.gob.ar\/wp-content\/uploads\/sites\/81\/2024\/12\/Resolucion-1711-2014-Modifica-Resoluciones-750-11-y-1479-12.pdf\">(Modificaci\u00f3n)<\/a><br>\u2022 Profesorado de Artes Audiovisuales con orientaci\u00f3n en Realizaci\u00f3n&nbsp;<a href=\"https:\/\/www.santafecultura.gob.ar\/wp-content\/uploads\/sites\/81\/2024\/12\/Resolucion-2713-2014-Profesorado-Artes-Audiovisuales-orientacion-Realizacion.pdf\">(Dise\u00f1o curricular)<\/a><\/p>\n\n\n\n<p><strong>Nivel Secundario:<\/strong><br>\u2022 Bachillerato en Artes Audiovisuales especializado en Realizaci\u00f3n Audiovisual (Dise\u00f1o curricular)<\/p>\n\n\n\n<p><strong>Dise\u00f1o curricular:<\/strong><br><a href=\"https:\/\/www.santafecultura.gob.ar\/wp-content\/uploads\/sites\/81\/2024\/12\/Resolucion-2712-2014-Ciclos-de-Educacion-Secundaria-con-Especialidad-Parte-1.pdf\">. Resoluci\u00f3n 2712-2014 \u2013 Ciclos de Educaci\u00f3n Secundaria con Especialidad \u2013 Parte 1<\/a><br><a href=\"https:\/\/www.santafecultura.gob.ar\/wp-content\/uploads\/sites\/81\/2024\/12\/Resolucion-2712-2014-Ciclos-de-Educacion-Secundaria-con-Especialidad-Parte-2.pdf\">. Resoluci\u00f3n 2712-2014 \u2013 Ciclos de Educaci\u00f3n Secundaria con Especialidad \u2013 Parte 2<\/a><br><a href=\"https:\/\/www.santafecultura.gob.ar\/wp-content\/uploads\/sites\/81\/2024\/12\/Resolucion-730-2015-Rectifica-Resolucion-2712-2014.pdf\">. Resoluci\u00f3n 730-2015 \u2013 Rectifica Resoluci\u00f3n 2712-2014<\/a><\/p>\n\n\n\n<p><\/p>\n","protected":false},"excerpt":{"rendered":"<p>Dependiente tanto del Ministerio de Cultura como del Ministerio de Educaci\u00f3n de Santa Fe, la subsecretar\u00eda de educaci\u00f3n art\u00edstica tiene bajo su \u00f3rbita todas las escuelas de arte de la provincia de Santa Fe situadas en las ciudades de Reconquista, Rosario, Santa Fe y Venado Tuerto, como as\u00ed tambi\u00e9n, los campamentos culturales de Cayast\u00e1 y [&hellip;]<\/p>\n","protected":false},"author":1,"featured_media":0,"parent":0,"menu_order":0,"comment_status":"closed","ping_status":"closed","template":"","meta":{"om_disable_all_campaigns":false,"_monsterinsights_skip_tracking":false,"_monsterinsights_sitenote_active":false,"_monsterinsights_sitenote_note":"","_monsterinsights_sitenote_category":0,"footnotes":""},"categories":[],"tags":[],"class_list":["post-29","page","type-page","status-publish","hentry"],"_links":{"self":[{"href":"https:\/\/epa3vt.edu.ar\/index.php\/wp-json\/wp\/v2\/pages\/29","targetHints":{"allow":["GET"]}}],"collection":[{"href":"https:\/\/epa3vt.edu.ar\/index.php\/wp-json\/wp\/v2\/pages"}],"about":[{"href":"https:\/\/epa3vt.edu.ar\/index.php\/wp-json\/wp\/v2\/types\/page"}],"author":[{"embeddable":true,"href":"https:\/\/epa3vt.edu.ar\/index.php\/wp-json\/wp\/v2\/users\/1"}],"replies":[{"embeddable":true,"href":"https:\/\/epa3vt.edu.ar\/index.php\/wp-json\/wp\/v2\/comments?post=29"}],"version-history":[{"count":11,"href":"https:\/\/epa3vt.edu.ar\/index.php\/wp-json\/wp\/v2\/pages\/29\/revisions"}],"predecessor-version":[{"id":175,"href":"https:\/\/epa3vt.edu.ar\/index.php\/wp-json\/wp\/v2\/pages\/29\/revisions\/175"}],"wp:attachment":[{"href":"https:\/\/epa3vt.edu.ar\/index.php\/wp-json\/wp\/v2\/media?parent=29"}],"wp:term":[{"taxonomy":"category","embeddable":true,"href":"https:\/\/epa3vt.edu.ar\/index.php\/wp-json\/wp\/v2\/categories?post=29"},{"taxonomy":"post_tag","embeddable":true,"href":"https:\/\/epa3vt.edu.ar\/index.php\/wp-json\/wp\/v2\/tags?post=29"}],"curies":[{"name":"wp","href":"https:\/\/api.w.org\/{rel}","templated":true}]}}