{"id":27,"date":"2022-07-04T08:18:58","date_gmt":"2022-07-03T18:18:58","guid":{"rendered":"http:\/\/epa3vt.edu.ar\/?page_id=27"},"modified":"2025-10-26T03:19:08","modified_gmt":"2025-10-25T13:19:08","slug":"terciario","status":"publish","type":"page","link":"https:\/\/epa3vt.edu.ar\/index.php\/terciario\/","title":{"rendered":"NIVEL SUPERIOR"},"content":{"rendered":"\n<div class=\"wp-block-columns is-layout-flex wp-container-core-columns-is-layout-28f84493 wp-block-columns-is-layout-flex\">\n<div class=\"wp-block-column is-layout-flow wp-block-column-is-layout-flow\">\n<figure class=\"wp-block-image size-full\"><a href=\"https:\/\/epa3vt.edu.ar\/index.php\/profesorado-de-artes-audiovisuales\/\"><img loading=\"lazy\" decoding=\"async\" width=\"940\" height=\"788\" src=\"https:\/\/epa3vt.edu.ar\/wp-content\/uploads\/2025\/10\/4.png\" alt=\"\" class=\"wp-image-230\" srcset=\"https:\/\/epa3vt.edu.ar\/wp-content\/uploads\/2025\/10\/4.png 940w, https:\/\/epa3vt.edu.ar\/wp-content\/uploads\/2025\/10\/4-300x251.png 300w, https:\/\/epa3vt.edu.ar\/wp-content\/uploads\/2025\/10\/4-768x644.png 768w\" sizes=\"auto, (max-width: 940px) 100vw, 940px\" \/><\/a><\/figure>\n<\/div>\n\n\n\n<div class=\"wp-block-column is-layout-flow wp-block-column-is-layout-flow\">\n<figure class=\"wp-block-image size-full\"><a href=\"https:\/\/epa3vt.edu.ar\/index.php\/profesorado-de-teatro\/\"><img loading=\"lazy\" decoding=\"async\" width=\"940\" height=\"788\" src=\"https:\/\/epa3vt.edu.ar\/wp-content\/uploads\/2025\/10\/3.png\" alt=\"\" class=\"wp-image-229\" srcset=\"https:\/\/epa3vt.edu.ar\/wp-content\/uploads\/2025\/10\/3.png 940w, https:\/\/epa3vt.edu.ar\/wp-content\/uploads\/2025\/10\/3-300x251.png 300w, https:\/\/epa3vt.edu.ar\/wp-content\/uploads\/2025\/10\/3-768x644.png 768w\" sizes=\"auto, (max-width: 940px) 100vw, 940px\" \/><\/a><\/figure>\n<\/div>\n<\/div>\n\n\n\n<p class=\"has-large-font-size\"><strong>Formaci\u00f3n Docente en Arte<\/strong><\/p>\n\n\n\n<ul class=\"wp-block-list has-medium-font-size\">\n<li><strong><a href=\"https:\/\/epa3vt.edu.ar\/index.php\/profesorado-de-teatro\/\">Profesorado de Teatro.<\/a>&nbsp;<\/strong>(Duraci\u00f3n: 4 a\u00f1os)<\/li>\n\n\n\n<li><strong><a href=\"https:\/\/epa3vt.edu.ar\/index.php\/profesorado-de-artes-audiovisuales\/\">Profesorado de Artes Audiovisuales <\/a>con orientaci\u00f3n en Realizaci\u00f3n.&nbsp;<\/strong>(Duraci\u00f3n: 4 a\u00f1os)<\/li>\n<\/ul>\n\n\n\n<p>Periodo de inscripci\u00f3n: Noviembre a diciembre inclusive lunes a viernes de 18 a 22 hs.<\/p>\n\n\n\n<p class=\"has-small-font-size\">Requisitos:<\/p>\n\n\n\n<p class=\"has-small-font-size\">T\u00edtulo secundario<\/p>\n\n\n\n<p class=\"has-small-font-size\">2 fotos 4&#215;4&nbsp;<\/p>\n\n\n\n<p class=\"has-small-font-size\">Partida de nacimiento<\/p>\n\n\n\n<p class=\"has-small-font-size\">Certificado de salud<\/p>\n\n\n\n<p class=\"has-small-font-size\">Fotocopia D.N.I.<\/p>\n","protected":false},"excerpt":{"rendered":"<p>Formaci\u00f3n Docente en Arte Periodo de inscripci\u00f3n: Noviembre a diciembre inclusive lunes a viernes de 18 a 22 hs. Requisitos: T\u00edtulo secundario 2 fotos 4&#215;4&nbsp; Partida de nacimiento Certificado de salud Fotocopia D.N.I.<\/p>\n","protected":false},"author":1,"featured_media":0,"parent":0,"menu_order":0,"comment_status":"closed","ping_status":"closed","template":"","meta":{"om_disable_all_campaigns":false,"_monsterinsights_skip_tracking":false,"_monsterinsights_sitenote_active":false,"_monsterinsights_sitenote_note":"","_monsterinsights_sitenote_category":0,"footnotes":""},"categories":[],"tags":[],"class_list":["post-27","page","type-page","status-publish","hentry"],"_links":{"self":[{"href":"https:\/\/epa3vt.edu.ar\/index.php\/wp-json\/wp\/v2\/pages\/27","targetHints":{"allow":["GET"]}}],"collection":[{"href":"https:\/\/epa3vt.edu.ar\/index.php\/wp-json\/wp\/v2\/pages"}],"about":[{"href":"https:\/\/epa3vt.edu.ar\/index.php\/wp-json\/wp\/v2\/types\/page"}],"author":[{"embeddable":true,"href":"https:\/\/epa3vt.edu.ar\/index.php\/wp-json\/wp\/v2\/users\/1"}],"replies":[{"embeddable":true,"href":"https:\/\/epa3vt.edu.ar\/index.php\/wp-json\/wp\/v2\/comments?post=27"}],"version-history":[{"count":16,"href":"https:\/\/epa3vt.edu.ar\/index.php\/wp-json\/wp\/v2\/pages\/27\/revisions"}],"predecessor-version":[{"id":232,"href":"https:\/\/epa3vt.edu.ar\/index.php\/wp-json\/wp\/v2\/pages\/27\/revisions\/232"}],"wp:attachment":[{"href":"https:\/\/epa3vt.edu.ar\/index.php\/wp-json\/wp\/v2\/media?parent=27"}],"wp:term":[{"taxonomy":"category","embeddable":true,"href":"https:\/\/epa3vt.edu.ar\/index.php\/wp-json\/wp\/v2\/categories?post=27"},{"taxonomy":"post_tag","embeddable":true,"href":"https:\/\/epa3vt.edu.ar\/index.php\/wp-json\/wp\/v2\/tags?post=27"}],"curies":[{"name":"wp","href":"https:\/\/api.w.org\/{rel}","templated":true}]}}