{"id":24,"date":"2022-07-04T08:18:45","date_gmt":"2022-07-03T18:18:45","guid":{"rendered":"http:\/\/epa3vt.edu.ar\/?page_id=24"},"modified":"2025-10-26T03:10:14","modified_gmt":"2025-10-25T13:10:14","slug":"secundario","status":"publish","type":"page","link":"https:\/\/epa3vt.edu.ar\/index.php\/secundario\/","title":{"rendered":"NIVEL MEDIO"},"content":{"rendered":"\n<div class=\"wp-block-columns is-layout-flex wp-container-core-columns-is-layout-28f84493 wp-block-columns-is-layout-flex\">\n<div class=\"wp-block-column is-layout-flow wp-block-column-is-layout-flow\">\n<figure class=\"wp-block-image size-full is-resized\"><img loading=\"lazy\" decoding=\"async\" width=\"500\" height=\"500\" src=\"https:\/\/epa3vt.edu.ar\/wp-content\/uploads\/2022\/11\/medio2.png\" alt=\"\" class=\"wp-image-132\" style=\"width:331px;height:auto\" srcset=\"https:\/\/epa3vt.edu.ar\/wp-content\/uploads\/2022\/11\/medio2.png 500w, https:\/\/epa3vt.edu.ar\/wp-content\/uploads\/2022\/11\/medio2-300x300.png 300w, https:\/\/epa3vt.edu.ar\/wp-content\/uploads\/2022\/11\/medio2-150x150.png 150w, https:\/\/epa3vt.edu.ar\/wp-content\/uploads\/2022\/11\/medio2-100x100.png 100w\" sizes=\"auto, (max-width: 500px) 100vw, 500px\" \/><\/figure>\n<\/div>\n<\/div>\n\n\n\n<p class=\"has-medium-font-size\"><strong>MATERIAS POR A\u00d1O \u2013 ESCUELA DE ARTE NRO. 3<\/strong><br><strong>Bachillerato en Artes Audiovisuales Especializado en Realizaci\u00f3n Audiovisual<br><\/strong>1er A\u00d1O:<br>Lengua y Literatura-  4 hs<br>Matem\u00e1tica-  4 hs<br>Lengua extranjera : Ingl\u00e9s- 3 hs<br>Educaci\u00f3n f\u00edsica &#8211; 3 hs<br>Formaci\u00f3n \u00c9tica y Ciudadana- 2 hs<br>Educaci\u00f3n Tecnol\u00f3gica- 2 hs<br>Biolog\u00eda-  4 hs<br>Geograf\u00eda- 4 hs<br>Educaci\u00f3n Art\u00edstica I: M\u00fasica- 4 hs<br>Exploraci\u00f3n y An\u00e1lisis Visual y Audiovisual I-  3 hs<br>Artes del Plano I: Producci\u00f3n-  3 hs<br>Artes del Espacio I: Producci\u00f3n-  3 hs<br>Arte y Tecnolog\u00edas Contempor\u00e1neas I &#8211;  3 hs<br>Introducci\u00f3n a la Cultura Visual I-  3 hs<\/p>\n\n\n\n<p class=\"has-medium-font-size\">2do. A\u00d1O:<br>Lengua y Literatura- 4 hs<br>Matem\u00e1tica-  4 hs<br>Lengua extranjera : Ingl\u00e9s- 3 hs<br>Educaci\u00f3n f\u00edsica- 3 hs<br>Formaci\u00f3n \u00c9tica y Ciudadana-  2 hs<br>Educaci\u00f3n Tecnol\u00f3gica- 2 hs<br>Historia-  4 hs<br>F\u00edsico-Qu\u00edmica-  4 hs<br>Educaci\u00f3n Art\u00edstica II: Danza-  4 hs<br>Exploraci\u00f3n y An\u00e1lisis Visual y Audiovisual II-  3 hs<br>Artes del Plano II: Producci\u00f3n-  3 hs<br>Artes del Espacio II: Producci\u00f3n-  3 hs<br>Arte y Tecnolog\u00eda Contempor\u00e1neas II-  3 hs<br>Introducci\u00f3n a la Cultura Visual II-  3 hs<\/p>\n\n\n\n<p class=\"has-medium-font-size\">3er A\u00d1O:<br>Lengua y Literatura-  4 hs<br>Matem\u00e1tica- 4 hs<br>Lengua extranjera : Ingl\u00e9s-  3 hs<br>Educaci\u00f3n f\u00edsica-  3 hs<br>Construcci\u00f3n de la Ciudadan\u00eda e Identidad-  3 hs<br>F\u00edsica-  3 hs<br>Historia-  3 hs<br>Biolog\u00eda-  3 hs<br>Educaci\u00f3n Art\u00edstica III: Teatro- 3 hs<br>Laboratorio de la Percepci\u00f3n-  3 hs<br>Po\u00e9ticas Visuales- 3 hs<br>Po\u00e9ticas Audiovisuales-  3 hs-<br>Fotograf\u00eda-  4 hs<br>Realizaci\u00f3n Documental-  4 hs<br>Tecnolog\u00edas Audiovisuales Espec\u00edficas-  2 hs<\/p>\n\n\n\n<p class=\"has-medium-font-size\">4to A\u00d1O:<br>Lengua y Literatura-  4 hs<br>Matem\u00e1tica-  3 hs<br>Lengua extranjera : Ingl\u00e9s-  3 hs<br>Educaci\u00f3n f\u00edsica- 3 hs<br>Construcci\u00f3n de la Ciudadan\u00eda y Participaci\u00f3n-  3 hs<br>Qu\u00edmica-  3 hs<br>Historia-  3 hs<br>Geograf\u00eda- 3 hs<br>Artes Audiovisuales y Contexto II-  3 hs<br>Gui\u00f3n-  3 hs<br>Animaci\u00f3n en el Plano-  4 hs<br>Fotograf\u00eda e Iluminaci\u00f3n-  3 hs<br>Montaje- 3 hs<br>Realizaci\u00f3n Argumental-  4 hs<br>Direcci\u00f3n de Arte-  3 hs<\/p>\n\n\n\n<p class=\"has-medium-font-size\">5to A\u00d1O<br>Lengua y Literatura-  4 hs<br>Matem\u00e1tica-  3 hs<br>Lengua extranjera : Ingl\u00e9s-  3 hs<br>Educaci\u00f3n f\u00edsica- 3 hs<br>Construcci\u00f3n de la Ciudadan\u00eda y Derechos- 3 hs<br>Filosof\u00eda- 3 hs<br>Proyectos art\u00edsticos en contextos laborales-  4 hs<br>Recursos Esc\u00e9nicos-  3 hs<br>Artes Audiovisuales y Contexto II-  3 hs<br>Recursos Sonoros- 3 hs<br>Animaci\u00f3n en el espacio-  5 hs<br>Lenguaje Art\u00edstico Integrado: M\u00fasica-3 hs<br>Experimentaci\u00f3n Multimedial- 2 hs<br>Realizaci\u00f3n Experimental-  3 hs<br>Total 72 materias.<\/p>\n","protected":false},"excerpt":{"rendered":"<p>MATERIAS POR A\u00d1O \u2013 ESCUELA DE ARTE NRO. 3Bachillerato en Artes Audiovisuales Especializado en Realizaci\u00f3n Audiovisual1er A\u00d1O:Lengua y Literatura- 4 hsMatem\u00e1tica- 4 hsLengua extranjera : Ingl\u00e9s- 3 hsEducaci\u00f3n f\u00edsica &#8211; 3 hsFormaci\u00f3n \u00c9tica y Ciudadana- 2 hsEducaci\u00f3n Tecnol\u00f3gica- 2 hsBiolog\u00eda- 4 hsGeograf\u00eda- 4 hsEducaci\u00f3n Art\u00edstica I: M\u00fasica- 4 hsExploraci\u00f3n y An\u00e1lisis Visual y Audiovisual I- [&hellip;]<\/p>\n","protected":false},"author":1,"featured_media":0,"parent":0,"menu_order":0,"comment_status":"closed","ping_status":"closed","template":"","meta":{"om_disable_all_campaigns":false,"_monsterinsights_skip_tracking":false,"_monsterinsights_sitenote_active":false,"_monsterinsights_sitenote_note":"","_monsterinsights_sitenote_category":0,"footnotes":""},"categories":[],"tags":[],"class_list":["post-24","page","type-page","status-publish","hentry"],"_links":{"self":[{"href":"https:\/\/epa3vt.edu.ar\/index.php\/wp-json\/wp\/v2\/pages\/24","targetHints":{"allow":["GET"]}}],"collection":[{"href":"https:\/\/epa3vt.edu.ar\/index.php\/wp-json\/wp\/v2\/pages"}],"about":[{"href":"https:\/\/epa3vt.edu.ar\/index.php\/wp-json\/wp\/v2\/types\/page"}],"author":[{"embeddable":true,"href":"https:\/\/epa3vt.edu.ar\/index.php\/wp-json\/wp\/v2\/users\/1"}],"replies":[{"embeddable":true,"href":"https:\/\/epa3vt.edu.ar\/index.php\/wp-json\/wp\/v2\/comments?post=24"}],"version-history":[{"count":9,"href":"https:\/\/epa3vt.edu.ar\/index.php\/wp-json\/wp\/v2\/pages\/24\/revisions"}],"predecessor-version":[{"id":226,"href":"https:\/\/epa3vt.edu.ar\/index.php\/wp-json\/wp\/v2\/pages\/24\/revisions\/226"}],"wp:attachment":[{"href":"https:\/\/epa3vt.edu.ar\/index.php\/wp-json\/wp\/v2\/media?parent=24"}],"wp:term":[{"taxonomy":"category","embeddable":true,"href":"https:\/\/epa3vt.edu.ar\/index.php\/wp-json\/wp\/v2\/categories?post=24"},{"taxonomy":"post_tag","embeddable":true,"href":"https:\/\/epa3vt.edu.ar\/index.php\/wp-json\/wp\/v2\/tags?post=24"}],"curies":[{"name":"wp","href":"https:\/\/api.w.org\/{rel}","templated":true}]}}