{"id":235,"date":"2025-12-07T09:40:27","date_gmt":"2025-12-06T19:40:27","guid":{"rendered":"https:\/\/epa3vt.edu.ar\/?page_id=235"},"modified":"2025-12-07T09:53:40","modified_gmt":"2025-12-06T19:53:40","slug":"proyectos","status":"publish","type":"page","link":"https:\/\/epa3vt.edu.ar\/index.php\/proyectos\/","title":{"rendered":"Proyectos"},"content":{"rendered":"\n<p>MULTIARTE:<\/p>\n\n\n\n<p>&nbsp;La Escuela Provincial de Arte nro 3, realiza anualmente una fiesta Multiarte, la misma fue declarada por el Concejo Municipal de Venado Tuerto; declaraci\u00f3n Nro. 1010\/2022 del 23\/11\/2022, de Inter\u00e9s Cultural Municipal; dado que expone su concepto de aprendizaje. Una experiencia que se transita individual y colectivamente, que asume&nbsp; la cualidad de compartir y abrirse a la ciudad de pertenencia. Como en las&nbsp; Multiartes anteriores, se podr\u00e1n apreciar intervenciones de danzas, m\u00fasica, esculturas, pinturas, murales, teatro, cortos audiovisuales, documentales, experiencias pedag\u00f3gicas y ocurrencia&nbsp; con el siempre presente buffet de la Asociaci\u00f3n Cooperadora. Este evento ya es parte de los acontecimientos esperados en la ciudad.&nbsp;<\/p>\n\n\n\n<p>El corte de calle de Pueyrred\u00f3n y Ruta 8&nbsp; rememora una tradici\u00f3n cultural y popular como las sostenidas por la Biblioteca Ameghino, La Facultad libre, Galp\u00f3n del arte, Centro de Expresi\u00f3n joven.&nbsp; Una impronta identitaria que se ha generado desde experiencias grupales y colectivas, creando una po\u00e9tica de encuentros que es un sello de la Cultura Venadense.<\/p>\n\n\n\n<hr class=\"wp-block-separator has-alpha-channel-opacity\"\/>\n\n\n\n<p>PROYECTOS DE INVESTIGACI\u00d3N:<\/p>\n\n\n\n<p>Desde el a\u00f1o 2023 en la escuela provincial de arte se viene trabajando en la realizaci\u00f3n de proyectos de investigaci\u00f3n con docentes de diferentes espacios curriculares.<\/p>\n\n\n\n<p>A fines del mismo a\u00f1o se realiza la presentaci\u00f3n de la convocatoria para proyectos de investigaci\u00f3n dependiente del INFoD (Institutos Nacional de Formaci\u00f3n Docente).<\/p>\n\n\n\n<p>El proyecto fue seleccionado para realizarlo durante el a\u00f1o 2024 y parte del a\u00f1o 2025. Desde ese momento se crea el Grupo de Investigaci\u00f3n como \u00e1rea de trabajo, incluyendo docentes de las c\u00e1tedras, did\u00e1ctica espec\u00edficas, metodolog\u00edas, proyecto de investigaci\u00f3n y docentes generalistas.<\/p>\n\n\n\n<p>Se realizaron publicaciones en diferentes revistas, congresos y encuentros, como tambi\u00e9n se realizaron participaci\u00f3n de ponencias y relatos de experiencias en encuentros de la regi\u00f3n.<\/p>\n\n\n<a style=\"text-transform:uppercase; border-width:0px; padding-top:0;padding-bottom:0;margin-top:var(--wp--preset--spacing--30);margin-bottom:var(--wp--preset--spacing--30);\" class=\"wp-block-read-more\" href=\"https:\/\/epa3vt.edu.ar\/index.php\/proyectos\/\" target=\"_blank\">El Pelda\u00f1o- Cuaderno de Teatrolog\u00eda<span class=\"screen-reader-text\">: Proyectos<\/span><\/a>\n\n\n<figure class=\"wp-block-image aligncenter size-large is-resized\" style=\"margin-top:0;margin-bottom:0\"><a href=\"https:\/\/www.ojs.arte.unicen.edu.ar\/index.php\/elpeldano\/issue\/view\/122\" target=\"_blank\" rel=\" noreferrer noopener\"><img loading=\"lazy\" decoding=\"async\" width=\"724\" height=\"1024\" src=\"https:\/\/epa3vt.edu.ar\/wp-content\/uploads\/2025\/12\/cover_issue_122_es_ES-724x1024.jpg\" alt=\"\" class=\"wp-image-236\" style=\"width:242px;height:auto\" srcset=\"https:\/\/epa3vt.edu.ar\/wp-content\/uploads\/2025\/12\/cover_issue_122_es_ES-724x1024.jpg 724w, https:\/\/epa3vt.edu.ar\/wp-content\/uploads\/2025\/12\/cover_issue_122_es_ES-212x300.jpg 212w, https:\/\/epa3vt.edu.ar\/wp-content\/uploads\/2025\/12\/cover_issue_122_es_ES-768x1086.jpg 768w, https:\/\/epa3vt.edu.ar\/wp-content\/uploads\/2025\/12\/cover_issue_122_es_ES-1086x1536.jpg 1086w, https:\/\/epa3vt.edu.ar\/wp-content\/uploads\/2025\/12\/cover_issue_122_es_ES.jpg 1241w\" sizes=\"auto, (max-width: 724px) 100vw, 724px\" \/><\/a><\/figure>\n\n\n\n<hr class=\"wp-block-separator has-alpha-channel-opacity\"\/>\n\n\n\n<p><strong>\u201c<\/strong>LA ENSE\u00d1ANZA TEATRAL EN EL NIVEL INICIAL. COLABORANDO EN LA CONSTRUCCI\u00d3N DE UNA DID\u00c1CTICA ESPEC\u00cdFICA\u201d<\/p>\n\n\n\n<p>Presentaci\u00f3n del Proyecto de investigaci\u00f3n&nbsp; Muestra MULTIARTE 2024 &#8211; EPA N\u00b0 3 &#8211; 10 A\u00d1OS<\/p>\n\n\n\n<div class=\"wp-block-columns is-layout-flex wp-container-core-columns-is-layout-28f84493 wp-block-columns-is-layout-flex\">\n<div class=\"wp-block-column is-layout-flow wp-block-column-is-layout-flow\">\n<figure class=\"wp-block-image size-large\"><img loading=\"lazy\" decoding=\"async\" width=\"1024\" height=\"1024\" src=\"https:\/\/epa3vt.edu.ar\/wp-content\/uploads\/2025\/12\/467769833_913651553690977_1366195027276216439_n-1024x1024.jpg\" alt=\"\" class=\"wp-image-241\" srcset=\"https:\/\/epa3vt.edu.ar\/wp-content\/uploads\/2025\/12\/467769833_913651553690977_1366195027276216439_n-1024x1024.jpg 1024w, https:\/\/epa3vt.edu.ar\/wp-content\/uploads\/2025\/12\/467769833_913651553690977_1366195027276216439_n-300x300.jpg 300w, https:\/\/epa3vt.edu.ar\/wp-content\/uploads\/2025\/12\/467769833_913651553690977_1366195027276216439_n-150x150.jpg 150w, https:\/\/epa3vt.edu.ar\/wp-content\/uploads\/2025\/12\/467769833_913651553690977_1366195027276216439_n-768x768.jpg 768w, https:\/\/epa3vt.edu.ar\/wp-content\/uploads\/2025\/12\/467769833_913651553690977_1366195027276216439_n.jpg 1080w\" sizes=\"auto, (max-width: 1024px) 100vw, 1024px\" \/><\/figure>\n<\/div>\n\n\n\n<div class=\"wp-block-column is-layout-flow wp-block-column-is-layout-flow\">\n<figure class=\"wp-block-image aligncenter size-large\"><img loading=\"lazy\" decoding=\"async\" width=\"1080\" height=\"810\" src=\"https:\/\/epa3vt.edu.ar\/wp-content\/uploads\/2025\/12\/524346641_17915272383154875_339994082611692249_n-edited-1.jpg\" alt=\"\" class=\"wp-image-245\" srcset=\"https:\/\/epa3vt.edu.ar\/wp-content\/uploads\/2025\/12\/524346641_17915272383154875_339994082611692249_n-edited-1.jpg 1080w, https:\/\/epa3vt.edu.ar\/wp-content\/uploads\/2025\/12\/524346641_17915272383154875_339994082611692249_n-edited-1-300x225.jpg 300w, https:\/\/epa3vt.edu.ar\/wp-content\/uploads\/2025\/12\/524346641_17915272383154875_339994082611692249_n-edited-1-1024x768.jpg 1024w, https:\/\/epa3vt.edu.ar\/wp-content\/uploads\/2025\/12\/524346641_17915272383154875_339994082611692249_n-edited-1-768x576.jpg 768w\" sizes=\"auto, (max-width: 1080px) 100vw, 1080px\" \/><\/figure>\n<\/div>\n<\/div>\n\n\n\n<hr class=\"wp-block-separator has-alpha-channel-opacity\"\/>\n","protected":false},"excerpt":{"rendered":"<p>MULTIARTE: &nbsp;La Escuela Provincial de Arte nro 3, realiza anualmente una fiesta Multiarte, la misma fue declarada por el Concejo Municipal de Venado Tuerto; declaraci\u00f3n Nro. 1010\/2022 del 23\/11\/2022, de Inter\u00e9s Cultural Municipal; dado que expone su concepto de aprendizaje. Una experiencia que se transita individual y colectivamente, que asume&nbsp; la cualidad de compartir y [&hellip;]<\/p>\n","protected":false},"author":1,"featured_media":0,"parent":0,"menu_order":0,"comment_status":"closed","ping_status":"closed","template":"","meta":{"om_disable_all_campaigns":false,"_monsterinsights_skip_tracking":false,"_monsterinsights_sitenote_active":false,"_monsterinsights_sitenote_note":"","_monsterinsights_sitenote_category":0,"footnotes":""},"categories":[],"tags":[],"class_list":["post-235","page","type-page","status-publish","hentry"],"_links":{"self":[{"href":"https:\/\/epa3vt.edu.ar\/index.php\/wp-json\/wp\/v2\/pages\/235","targetHints":{"allow":["GET"]}}],"collection":[{"href":"https:\/\/epa3vt.edu.ar\/index.php\/wp-json\/wp\/v2\/pages"}],"about":[{"href":"https:\/\/epa3vt.edu.ar\/index.php\/wp-json\/wp\/v2\/types\/page"}],"author":[{"embeddable":true,"href":"https:\/\/epa3vt.edu.ar\/index.php\/wp-json\/wp\/v2\/users\/1"}],"replies":[{"embeddable":true,"href":"https:\/\/epa3vt.edu.ar\/index.php\/wp-json\/wp\/v2\/comments?post=235"}],"version-history":[{"count":3,"href":"https:\/\/epa3vt.edu.ar\/index.php\/wp-json\/wp\/v2\/pages\/235\/revisions"}],"predecessor-version":[{"id":246,"href":"https:\/\/epa3vt.edu.ar\/index.php\/wp-json\/wp\/v2\/pages\/235\/revisions\/246"}],"wp:attachment":[{"href":"https:\/\/epa3vt.edu.ar\/index.php\/wp-json\/wp\/v2\/media?parent=235"}],"wp:term":[{"taxonomy":"category","embeddable":true,"href":"https:\/\/epa3vt.edu.ar\/index.php\/wp-json\/wp\/v2\/categories?post=235"},{"taxonomy":"post_tag","embeddable":true,"href":"https:\/\/epa3vt.edu.ar\/index.php\/wp-json\/wp\/v2\/tags?post=235"}],"curies":[{"name":"wp","href":"https:\/\/api.w.org\/{rel}","templated":true}]}}