{"id":103,"date":"2022-11-19T11:10:28","date_gmt":"2022-11-18T21:10:28","guid":{"rendered":"http:\/\/epa3vt.edu.ar\/?page_id=103"},"modified":"2022-11-20T00:46:33","modified_gmt":"2022-11-19T10:46:33","slug":"profesorado-de-artes-audiovisuales","status":"publish","type":"page","link":"https:\/\/epa3vt.edu.ar\/index.php\/profesorado-de-artes-audiovisuales\/","title":{"rendered":"<strong>Profesorado de Artes Audiovisuales<\/strong>"},"content":{"rendered":"\n<p>T\u00edtulo: PROFESOR EN ARTES AUDIOVISUALES<\/p>\n\n\n\n<p class=\"has-small-font-size\">Otorga Competencia Para El Ejercicio De La Docencia En Los Niveles Inicial, Primaria, Medio Y Superior, Modalidad Especial Y Centros Educativos, Organismos Musicales, Profesionales En Escuelas De Artes<\/p>\n\n\n\n<p><strong>1\u00b0 A\u00f1o<\/strong><\/p>\n\n\n\n<p><strong>Formaci\u00f3n General:<\/strong><\/p>\n\n\n\n<p>Pedagog\u00eda<\/p>\n\n\n\n<p>Did\u00e1ctica Y Curriculum<\/p>\n\n\n\n<p>Problem\u00e1tica De La Cultura Argentina Y Latinoamericana<\/p>\n\n\n\n<p><strong>Formaci\u00f3n especifica:<\/strong><\/p>\n\n\n\n<p>Po\u00e9ticas Audiovisuales<\/p>\n\n\n\n<p>Fotograf\u00eda<\/p>\n\n\n\n<p>Historia De Las Artes Audiovisuales I<\/p>\n\n\n\n<p>Sonido<\/p>\n\n\n\n<p>T\u00e9cnicas Audiovisuales<\/p>\n\n\n\n<p>Direcci\u00f3n De Arte<\/p>\n\n\n\n<p><strong>Formaci\u00f3n de la pr\u00e1ctica profesional:<\/strong><\/p>\n\n\n\n<p>Practica Docente I Trayectoria Escolar, Cuerpo Y Escena<\/p>\n\n\n\n<p><strong>2\u00b0 A\u00f1o<\/strong><\/p>\n\n\n\n<p><strong>Formaci\u00f3n General:<\/strong><\/p>\n\n\n\n<p>Problem\u00e1tica Filos\u00f3fica<\/p>\n\n\n\n<p>Psicolog\u00eda Y Educaci\u00f3n<\/p>\n\n\n\n<p><strong>Formaci\u00f3n Especifica:<\/strong><\/p>\n\n\n\n<p>Did\u00e1ctica Especifica I<\/p>\n\n\n\n<p>Sujetos De La Educaci\u00f3n I<\/p>\n\n\n\n<p>Realizaci\u00f3n I<\/p>\n\n\n\n<p>Fotograf\u00eda E Iluminaci\u00f3n Audiovisual<\/p>\n\n\n\n<p>Historia De Las Artes Audiovisuales II<\/p>\n\n\n\n<p>Animaci\u00f3n<\/p>\n\n\n\n<p><strong>Formaci\u00f3n de la pr\u00e1ctica profesional:<\/strong><\/p>\n\n\n\n<p>Practica Docente Ii Instituciones Y Tecnolog\u00edas Educativas<\/p>\n\n\n\n<p><strong>3\u00b0 A\u00f1o<\/strong><\/p>\n\n\n\n<p><strong>Formaci\u00f3n General:<\/strong><\/p>\n\n\n\n<p>Antropolog\u00eda Sociocultural<\/p>\n\n\n\n<p>Historia Social Y Pol\u00edtica De La Educaci\u00f3n<\/p>\n\n\n\n<p>Educaci\u00f3n Sexual Integral<\/p>\n\n\n\n<p><strong>Formaci\u00f3n especifica:<\/strong><\/p>\n\n\n\n<p>Did\u00e1ctica Especifica II<\/p>\n\n\n\n<p>Sujetos De La Educaci\u00f3n II<\/p>\n\n\n\n<p>Realizaci\u00f3n II<\/p>\n\n\n\n<p>Guion<\/p>\n\n\n\n<p>Historia De Las Artes Audiovisuales III<\/p>\n\n\n\n<p>Montaje<\/p>\n\n\n\n<p><strong>Formaci\u00f3n de la pr\u00e1ctica profesional:<\/strong><\/p>\n\n\n\n<p>Practica Docente III<\/p>\n\n\n\n<p><strong>4\u00b0 A\u00f1o<\/strong><\/p>\n\n\n\n<p><strong>Formaci\u00f3n General:<\/strong><\/p>\n\n\n\n<p>\u00c9tica Y Trabajo Docente Y Derechos Humanos<\/p>\n\n\n\n<p>Taller De Escritura<\/p>\n\n\n\n<p>Est\u00e9tica<\/p>\n\n\n\n<p><strong>Formaci\u00f3n especifica:<\/strong><\/p>\n\n\n\n<p>Producci\u00f3n<\/p>\n\n\n\n<p>Investigaci\u00f3n En Artes Audiovisuales<\/p>\n\n\n\n<p>Realizaci\u00f3n III<\/p>\n\n\n\n<p>Semi\u00f3tica<\/p>\n\n\n\n<p>U.D.I.<\/p>\n\n\n\n<p><strong>Formaci\u00f3n de la pr\u00e1ctica profesional:<\/strong><\/p>\n\n\n\n<p>Practica Docente IV<\/p>\n","protected":false},"excerpt":{"rendered":"<p>T\u00edtulo: PROFESOR EN ARTES AUDIOVISUALES Otorga Competencia Para El Ejercicio De La Docencia En Los Niveles Inicial, Primaria, Medio Y Superior, Modalidad Especial Y Centros Educativos, Organismos Musicales, Profesionales En Escuelas De Artes 1\u00b0 A\u00f1o Formaci\u00f3n General: Pedagog\u00eda Did\u00e1ctica Y Curriculum Problem\u00e1tica De La Cultura Argentina Y Latinoamericana Formaci\u00f3n especifica: Po\u00e9ticas Audiovisuales Fotograf\u00eda Historia De [&hellip;]<\/p>\n","protected":false},"author":1,"featured_media":0,"parent":0,"menu_order":0,"comment_status":"closed","ping_status":"closed","template":"","meta":{"om_disable_all_campaigns":false,"_monsterinsights_skip_tracking":false,"_monsterinsights_sitenote_active":false,"_monsterinsights_sitenote_note":"","_monsterinsights_sitenote_category":0,"footnotes":""},"categories":[],"tags":[],"class_list":["post-103","page","type-page","status-publish","hentry"],"_links":{"self":[{"href":"https:\/\/epa3vt.edu.ar\/index.php\/wp-json\/wp\/v2\/pages\/103","targetHints":{"allow":["GET"]}}],"collection":[{"href":"https:\/\/epa3vt.edu.ar\/index.php\/wp-json\/wp\/v2\/pages"}],"about":[{"href":"https:\/\/epa3vt.edu.ar\/index.php\/wp-json\/wp\/v2\/types\/page"}],"author":[{"embeddable":true,"href":"https:\/\/epa3vt.edu.ar\/index.php\/wp-json\/wp\/v2\/users\/1"}],"replies":[{"embeddable":true,"href":"https:\/\/epa3vt.edu.ar\/index.php\/wp-json\/wp\/v2\/comments?post=103"}],"version-history":[{"count":2,"href":"https:\/\/epa3vt.edu.ar\/index.php\/wp-json\/wp\/v2\/pages\/103\/revisions"}],"predecessor-version":[{"id":116,"href":"https:\/\/epa3vt.edu.ar\/index.php\/wp-json\/wp\/v2\/pages\/103\/revisions\/116"}],"wp:attachment":[{"href":"https:\/\/epa3vt.edu.ar\/index.php\/wp-json\/wp\/v2\/media?parent=103"}],"wp:term":[{"taxonomy":"category","embeddable":true,"href":"https:\/\/epa3vt.edu.ar\/index.php\/wp-json\/wp\/v2\/categories?post=103"},{"taxonomy":"post_tag","embeddable":true,"href":"https:\/\/epa3vt.edu.ar\/index.php\/wp-json\/wp\/v2\/tags?post=103"}],"curies":[{"name":"wp","href":"https:\/\/api.w.org\/{rel}","templated":true}]}}